{"id":97065,"date":"2024-09-05T15:31:25","date_gmt":"2024-09-05T12:31:25","guid":{"rendered":"https:\/\/lengvoji.lt\/season-leaders\/"},"modified":"2025-08-08T08:57:14","modified_gmt":"2025-08-08T05:57:14","slug":"season-leaders","status":"publish","type":"page","link":"https:\/\/lengvoji.lt\/en\/season-leaders\/","title":{"rendered":"Season leaders"},"content":{"rendered":"\t\t<div data-elementor-type=\"wp-page\" data-elementor-id=\"97065\" class=\"elementor elementor-97065 elementor-65463\" data-elementor-post-type=\"page\">\n\t\t\t\t<div class=\"elementor-element elementor-element-05b502f e-con-full e-flex e-con e-parent\" data-id=\"05b502f\" data-element_type=\"container\">\n\t\t<div class=\"elementor-element elementor-element-00b9385 e-con-full e-flex e-con e-child\" data-id=\"00b9385\" data-element_type=\"container\">\n\t\t<div class=\"elementor-element elementor-element-b770674 e-con-full e-flex e-con e-child\" data-id=\"b770674\" data-element_type=\"container\" data-settings=\"{&quot;background_background&quot;:&quot;gradient&quot;}\">\n\t\t\t\t<div class=\"elementor-element elementor-element-38fbcd1 elementor-widget elementor-widget-heading\" data-id=\"38fbcd1\" data-element_type=\"widget\" data-widget_type=\"heading.default\">\n\t\t\t\t<div class=\"elementor-widget-container\">\n\t\t\t\t\t<h5 class=\"elementor-heading-title elementor-size-default\">2025 Winners (1st-8th place) <\/h5>\t\t\t\t<\/div>\n\t\t\t\t<\/div>\n\t\t\t\t<\/div>\n\t\t<div class=\"elementor-element elementor-element-7e012de e-con-full e-grid e-con e-child\" data-id=\"7e012de\" data-element_type=\"container\">\n\t\t<div class=\"elementor-element elementor-element-7dafc87 e-con-full e-flex e-con e-child\" data-id=\"7dafc87\" data-element_type=\"container\">\n\t\t<div class=\"elementor-element elementor-element-d3c081a e-con-full e-flex e-con e-child\" data-id=\"d3c081a\" data-element_type=\"container\">\n\t\t\t\t<div class=\"elementor-element elementor-element-75f455b elementor-widget elementor-widget-heading\" data-id=\"75f455b\" data-element_type=\"widget\" data-widget_type=\"heading.default\">\n\t\t\t\t<div class=\"elementor-widget-container\">\n\t\t\t\t\t<h6 class=\"elementor-heading-title elementor-size-default\">European Indoor Championships<\/h6>\t\t\t\t<\/div>\n\t\t\t\t<\/div>\n\t\t\t\t<\/div>\n\t\t<div class=\"elementor-element elementor-element-2017670 e-con-full e-flex e-con e-child\" data-id=\"2017670\" data-element_type=\"container\">\n\t\t\t\t<div class=\"elementor-element elementor-element-e418cf6 elementor-widget elementor-widget-text-editor\" data-id=\"e418cf6\" data-element_type=\"widget\" data-widget_type=\"text-editor.default\">\n\t\t\t\t<div class=\"elementor-widget-container\">\n\t\t\t\t\t\t\t\t\t<p>4. <strong>Dovil\u0117 Kilty<\/strong> (triple jump)<br>8. <strong>Beatri\u010d\u0117 Ju\u0161kevi\u010di\u016bt\u0117<\/strong> (pentathlon)<\/p>\t\t\t\t\t\t\t\t<\/div>\n\t\t\t\t<\/div>\n\t\t\t\t<\/div>\n\t\t\t\t<\/div>\n\t\t<div class=\"elementor-element elementor-element-ae39b0d e-con-full e-flex e-con e-child\" data-id=\"ae39b0d\" data-element_type=\"container\">\n\t\t<div class=\"elementor-element elementor-element-442de21 e-con-full e-flex e-con e-child\" data-id=\"442de21\" data-element_type=\"container\">\n\t\t\t\t<div class=\"elementor-element elementor-element-450eed5 elementor-widget elementor-widget-heading\" data-id=\"450eed5\" data-element_type=\"widget\" data-widget_type=\"heading.default\">\n\t\t\t\t<div class=\"elementor-widget-container\">\n\t\t\t\t\t<h6 class=\"elementor-heading-title elementor-size-default\">European Throwing Cup<\/h6>\t\t\t\t<\/div>\n\t\t\t\t<\/div>\n\t\t\t\t<\/div>\n\t\t<div class=\"elementor-element elementor-element-665f10c e-con-full e-flex e-con e-child\" data-id=\"665f10c\" data-element_type=\"container\">\n\t\t\t\t<div class=\"elementor-element elementor-element-ca4393d elementor-widget elementor-widget-text-editor\" data-id=\"ca4393d\" data-element_type=\"widget\" data-widget_type=\"text-editor.default\">\n\t\t\t\t<div class=\"elementor-widget-container\">\n\t\t\t\t\t\t\t\t\t<p>3. <strong>Martynas Alekna<\/strong> (discus)<br><br><\/p>\t\t\t\t\t\t\t\t<\/div>\n\t\t\t\t<\/div>\n\t\t\t\t<\/div>\n\t\t\t\t<\/div>\n\t\t<div class=\"elementor-element elementor-element-e803482 e-con-full e-flex e-con e-child\" data-id=\"e803482\" data-element_type=\"container\">\n\t\t\t\t<div class=\"elementor-element elementor-element-8b5467d elementor-widget elementor-widget-heading\" data-id=\"8b5467d\" data-element_type=\"widget\" data-widget_type=\"heading.default\">\n\t\t\t\t<div class=\"elementor-widget-container\">\n\t\t\t\t\t<h6 class=\"elementor-heading-title elementor-size-default\">European U23 Championship<\/h6>\t\t\t\t<\/div>\n\t\t\t\t<\/div>\n\t\t\t\t<\/div>\n\t\t\t\t<\/div>\n\t\t\t\t<\/div>\n\t\t<div class=\"elementor-element elementor-element-558f49c e-con-full e-flex e-con e-child\" data-id=\"558f49c\" data-element_type=\"container\">\n\t\t<div class=\"elementor-element elementor-element-c38dca3 e-con-full e-flex e-con e-child\" data-id=\"c38dca3\" data-element_type=\"container\" data-settings=\"{&quot;background_background&quot;:&quot;gradient&quot;}\">\n\t\t\t\t<div class=\"elementor-element elementor-element-d7b63dd elementor-widget elementor-widget-heading\" data-id=\"d7b63dd\" data-element_type=\"widget\" data-widget_type=\"heading.default\">\n\t\t\t\t<div class=\"elementor-widget-container\">\n\t\t\t\t\t<h5 class=\"elementor-heading-title elementor-size-default\">Best results for the 2025 summer season <\/h5>\t\t\t\t<\/div>\n\t\t\t\t<\/div>\n\t\t\t\t<\/div>\n\t\t<div class=\"elementor-element elementor-element-f0bbdf3 e-con-full e-grid e-con e-child\" data-id=\"f0bbdf3\" data-element_type=\"container\">\n\t\t<div class=\"elementor-element elementor-element-9826176 e-con-full e-flex e-con e-child\" data-id=\"9826176\" data-element_type=\"container\">\n\t\t<div class=\"elementor-element elementor-element-cf506e3 e-con-full e-flex e-con e-child\" data-id=\"cf506e3\" data-element_type=\"container\">\n\t\t\t\t<div class=\"elementor-element elementor-element-21707c9 elementor-widget elementor-widget-heading\" data-id=\"21707c9\" data-element_type=\"widget\" data-widget_type=\"heading.default\">\n\t\t\t\t<div class=\"elementor-widget-container\">\n\t\t\t\t\t<h6 class=\"elementor-heading-title elementor-size-default\">Women<\/h6>\t\t\t\t<\/div>\n\t\t\t\t<\/div>\n\t\t\t\t<\/div>\n\t\t<div class=\"elementor-element elementor-element-6a66522 e-con-full e-flex e-con e-child\" data-id=\"6a66522\" data-element_type=\"container\">\n\t\t\t\t<div class=\"elementor-element elementor-element-13e06e0 elementor-widget elementor-widget-text-editor\" data-id=\"13e06e0\" data-element_type=\"widget\" data-widget_type=\"text-editor.default\">\n\t\t\t\t<div class=\"elementor-widget-container\">\n\t\t\t\t\t\t\t\t\t<p>100 m &#8211; <strong>Ema Rup\u0161yt\u0117<\/strong> 11.37 <br>200 m &#8211; <strong> Lukrecija Sabaityt\u0117 <\/strong>23.11 <br>400 m &#8211; <strong>Modesta Just\u0117 Morauskait\u0117 <\/strong>52.30 <br>800 m &#8211; <strong>Gabija Galvydyt\u0117<\/strong> 1:58.69 <br>1000 m &#8211; <strong>V\u0117tr\u016bn\u0117 Adomavi\u010di\u016bt\u0117<\/strong> 3:00.59 <br>1500 m &#8211; <strong>Gabija Galvydyt\u0117<\/strong> 4:00.71 <br>3000 m &#8211; <strong>Auks\u0117 Linkut\u0117 <\/strong>9:58.42 <br>5000 m &#8211; <strong>Vaida \u017d\u016bsinait\u0117-Nekrio\u0161ien\u0117<\/strong> 16:34.33 <br>10000 m &#8211; <strong>Karolina Bliujut\u0117<\/strong> 35:14.73 <br>marathon &#8211; <b>Laura Jegelevi\u010di\u016bt\u0117<\/b> 2:44:13 <\/p><p>3000 m &#8211; <strong>Auks\u0117 Linkut\u0117<\/strong> 10:19.90<br>100 m b\/b &#8211;<strong> Beatri\u010d\u0117 Ju\u0161kevi\u010di\u016bt\u0117 <\/strong>13.07 <\/p><p>400 m b\/b &#8211; <strong>Aiva Labanauskait\u0117<\/strong> 1:02.58<br>Height &#8211; <strong>Urt\u0117 Baik\u0161tyt\u0117<\/strong> 1.84<br>Kart &#8211; <strong>Rugil\u0117 Mikly\u010di\u016bt\u0117<\/strong> 4.35<br>Distance &#8211; <strong>Jogail\u0117 Petrokait\u0117<\/strong> 6.54<br>Triple jump &#8211; <strong>Dovil\u0117 Kilty<\/strong> 13.83<br>Ball &#8211; <strong>Ieva Gumbs<\/strong> 15.47<\/p><p>Discus &#8211;<strong> Ieva Gumbs<\/strong> 61.86<\/p><p>K\u016bjis &#8211; <strong>Kamil\u0117 \u0160auklyt\u0117<\/strong> 48.10<\/p><p>Spear &#8211; <strong>Liveta Jasi\u016bnait\u0117<\/strong> 62.38<br>Heptathlon &#8211; <strong>Beatri\u010d\u0117 Ju\u0161kevi\u010di\u016bt\u0117<\/strong> 6295<br>20 km walk. &#8211; <strong>Aust\u0117ja Kavaliauskait\u0117<\/strong> 1:34:40 <\/p><p>35 km walk. &#8211;<\/p>\t\t\t\t\t\t\t\t<\/div>\n\t\t\t\t<\/div>\n\t\t\t\t<\/div>\n\t\t\t\t<\/div>\n\t\t<div class=\"elementor-element elementor-element-6a4ab42 e-con-full e-flex e-con e-child\" data-id=\"6a4ab42\" data-element_type=\"container\">\n\t\t<div class=\"elementor-element elementor-element-053d4bf e-con-full e-flex e-con e-child\" data-id=\"053d4bf\" data-element_type=\"container\">\n\t\t\t\t<div class=\"elementor-element elementor-element-33a4ba1 elementor-widget elementor-widget-heading\" data-id=\"33a4ba1\" data-element_type=\"widget\" data-widget_type=\"heading.default\">\n\t\t\t\t<div class=\"elementor-widget-container\">\n\t\t\t\t\t<h6 class=\"elementor-heading-title elementor-size-default\">Men<\/h6>\t\t\t\t<\/div>\n\t\t\t\t<\/div>\n\t\t\t\t<\/div>\n\t\t<div class=\"elementor-element elementor-element-757f1db e-con-full e-flex e-con e-child\" data-id=\"757f1db\" data-element_type=\"container\">\n\t\t\t\t<div class=\"elementor-element elementor-element-f97fffc elementor-widget elementor-widget-text-editor\" data-id=\"f97fffc\" data-element_type=\"widget\" data-widget_type=\"text-editor.default\">\n\t\t\t\t<div class=\"elementor-widget-container\">\n\t\t\t\t\t\t\t\t\t<p>100 m &#8211; <strong>Adas Dambrauskas<\/strong> 10.34<br>200 m &#8211; <strong>Gediminas Truskauskas<\/strong> 20.51<br>400 m &#8211; <strong>Tomas Ker\u0161ulis<\/strong> 46.26<br>800 m &#8211; <strong>Simas Berta\u0161ius <\/strong> 1:48.40<br>1000 m &#8211; <strong>Simas Ivanauskas<\/strong> 2:41.98<br>1500 m &#8211;<strong> Simas Berta\u0161ius<\/strong> 3:38.05<\/p><p>3000 m &#8211; <strong>Simas Berta\u0161ius<\/strong> 7:42.07<br>5000 m &#8211;<strong> Giedrius Valin\u010dius<\/strong> 13:44.80<br>10000 m &#8211; <strong>Mindaugas Bal\u010diauskis<\/strong> 30:45.03<br>marathon &#8211; <strong>Lukas Tarasevi\u010dius<\/strong> 2:21:51<br>3000 m &#8211; <strong>Lukas Tarasevi\u010dius<\/strong> 9:38.99 <\/p><p>110 m b\/b &#8211; <strong>Domas Gailevi\u010dius<\/strong> 14.30<\/p><p>400 m b\/b &#8211; <strong>Lukas \u0160ermuk\u0161nis<\/strong> 51.84<\/p><p>Height &#8211; <strong>Juozas Baik\u0161tys<\/strong> 2.27<br>Kartis &#8211; <strong>Nicodemus Laurynas<\/strong> 5.25<br>Distance &#8211; <strong>Marius Vadeikis<\/strong> 7.99<br>Triple jump &#8211; <strong>Marius Vadeikis<\/strong> 15.73<br>Ball &#8211; <strong>Simonas Bakanas<\/strong> 17.87<\/p><p>Discus &#8211; <strong>Mykolas Alekna<\/strong> 75.56<\/p><p>Hammer &#8211; <strong>Tomas Vasiliauskas<\/strong> 69.16<\/p><p>Spear &#8211; <strong>Edis Matusevi\u010dius<\/strong> 84.05<br>Decathlon &#8211; <strong>Edgaras Benkunskas<\/strong> 7824<\/p><p>20 km walk. &#8211; <strong>Tauras Jok\u016bbas Grincevi\u010dius<\/strong> 1:34:33 <\/p><p>35 km walk. &#8211; <strong>Tadas \u0160u\u0161kevi\u010dius<\/strong> 2:59:48 <\/p>\t\t\t\t\t\t\t\t<\/div>\n\t\t\t\t<\/div>\n\t\t\t\t<\/div>\n\t\t\t\t<\/div>\n\t\t\t\t<\/div>\n\t\t\t\t<\/div>\n\t\t\t\t<\/div>\n\t\t\t\t<\/div>\n\t\t","protected":false},"excerpt":{"rendered":"<p>2025 Winners (1st-8th place) European Indoor Championships 4. Dovil\u0117 Kilty (triple jump)8. Beatri\u010d\u0117 Ju\u0161kevi\u010di\u016bt\u0117 (pentathlon) European Throwing Cup 3. Martynas Alekna (discus) European U23 Championship Best results for the 2025 [&hellip;]<\/p>\n","protected":false},"author":1,"featured_media":97067,"parent":0,"menu_order":0,"comment_status":"closed","ping_status":"closed","template":"","meta":{"_acf_changed":false,"inline_featured_image":false,"footnotes":""},"class_list":["post-97065","page","type-page","status-publish","has-post-thumbnail","hentry"],"acf":[],"yoast_head":"<!-- This site is optimized with the Yoast SEO plugin v26.4 - https:\/\/yoast.com\/wordpress\/plugins\/seo\/ -->\n<title>Season leaders &#8211; LLAF<\/title>\n<meta name=\"robots\" content=\"index, follow, max-snippet:-1, max-image-preview:large, max-video-preview:-1\" \/>\n<link rel=\"canonical\" href=\"https:\/\/lengvoji.lt\/en\/season-leaders\/\" \/>\n<meta property=\"og:locale\" content=\"en_US\" \/>\n<meta property=\"og:type\" content=\"article\" \/>\n<meta property=\"og:title\" content=\"Season leaders &#8211; LLAF\" \/>\n<meta property=\"og:description\" content=\"2025 Winners (1st-8th place) European Indoor Championships 4. Dovil\u0117 Kilty (triple jump)8. Beatri\u010d\u0117 Ju\u0161kevi\u010di\u016bt\u0117 (pentathlon) European Throwing Cup 3. Martynas Alekna (discus) European U23 Championship Best results for the 2025 [&hellip;]\" \/>\n<meta property=\"og:url\" content=\"https:\/\/lengvoji.lt\/en\/season-leaders\/\" \/>\n<meta property=\"og:site_name\" content=\"LLAF\" \/>\n<meta property=\"article:publisher\" content=\"https:\/\/www.facebook.com\/LietuvosLengvosiosAtletikosFederacija\/\" \/>\n<meta property=\"article:modified_time\" content=\"2025-08-08T05:57:14+00:00\" \/>\n<meta property=\"og:image\" content=\"https:\/\/lengvoji.lt\/wp-content\/uploads\/2024\/10\/1920x600_Airine_Heading.jpg\" \/>\n\t<meta property=\"og:image:width\" content=\"1920\" \/>\n\t<meta property=\"og:image:height\" content=\"600\" \/>\n\t<meta property=\"og:image:type\" content=\"image\/jpeg\" \/>\n<meta name=\"twitter:card\" content=\"summary_large_image\" \/>\n<script type=\"application\/ld+json\" class=\"yoast-schema-graph\">{\"@context\":\"https:\/\/schema.org\",\"@graph\":[{\"@type\":\"WebPage\",\"@id\":\"https:\/\/lengvoji.lt\/en\/season-leaders\/\",\"url\":\"https:\/\/lengvoji.lt\/en\/season-leaders\/\",\"name\":\"Season leaders &#8211; LLAF\",\"isPartOf\":{\"@id\":\"https:\/\/lengvoji.lt\/en\/#website\"},\"primaryImageOfPage\":{\"@id\":\"https:\/\/lengvoji.lt\/en\/season-leaders\/#primaryimage\"},\"image\":{\"@id\":\"https:\/\/lengvoji.lt\/en\/season-leaders\/#primaryimage\"},\"thumbnailUrl\":\"https:\/\/lengvoji.lt\/wp-content\/uploads\/2024\/10\/1920x600_Airine_Heading.jpg\",\"datePublished\":\"2024-09-05T12:31:25+00:00\",\"dateModified\":\"2025-08-08T05:57:14+00:00\",\"breadcrumb\":{\"@id\":\"https:\/\/lengvoji.lt\/en\/season-leaders\/#breadcrumb\"},\"inLanguage\":\"en-US\",\"potentialAction\":[{\"@type\":\"ReadAction\",\"target\":[\"https:\/\/lengvoji.lt\/en\/season-leaders\/\"]}]},{\"@type\":\"ImageObject\",\"inLanguage\":\"en-US\",\"@id\":\"https:\/\/lengvoji.lt\/en\/season-leaders\/#primaryimage\",\"url\":\"https:\/\/lengvoji.lt\/wp-content\/uploads\/2024\/10\/1920x600_Airine_Heading.jpg\",\"contentUrl\":\"https:\/\/lengvoji.lt\/wp-content\/uploads\/2024\/10\/1920x600_Airine_Heading.jpg\",\"width\":1920,\"height\":600},{\"@type\":\"BreadcrumbList\",\"@id\":\"https:\/\/lengvoji.lt\/en\/season-leaders\/#breadcrumb\",\"itemListElement\":[{\"@type\":\"ListItem\",\"position\":1,\"name\":\"Home\",\"item\":\"https:\/\/lengvoji.lt\/en\/beginning\/\"},{\"@type\":\"ListItem\",\"position\":2,\"name\":\"Season leaders\"}]},{\"@type\":\"WebSite\",\"@id\":\"https:\/\/lengvoji.lt\/en\/#website\",\"url\":\"https:\/\/lengvoji.lt\/en\/\",\"name\":\"Lietuvos lengvosios atletikos federacija\",\"description\":\"The National Lithuanian Athletics Organization oversees the country's athletics activities.\",\"publisher\":{\"@id\":\"https:\/\/lengvoji.lt\/en\/#organization\"},\"alternateName\":\"LLAF\",\"potentialAction\":[{\"@type\":\"SearchAction\",\"target\":{\"@type\":\"EntryPoint\",\"urlTemplate\":\"https:\/\/lengvoji.lt\/en\/?s={search_term_string}\"},\"query-input\":{\"@type\":\"PropertyValueSpecification\",\"valueRequired\":true,\"valueName\":\"search_term_string\"}}],\"inLanguage\":\"en-US\"},{\"@type\":\"Organization\",\"@id\":\"https:\/\/lengvoji.lt\/en\/#organization\",\"name\":\"Athletics Federation of Lithuania\",\"alternateName\":\"LLAF\",\"url\":\"https:\/\/lengvoji.lt\/en\/\",\"logo\":{\"@type\":\"ImageObject\",\"inLanguage\":\"en-US\",\"@id\":\"https:\/\/lengvoji.lt\/en\/#\/schema\/logo\/image\/\",\"url\":\"https:\/\/lengvoji.lt\/wp-content\/uploads\/2024\/10\/llaf-seo-square.jpg\",\"contentUrl\":\"https:\/\/lengvoji.lt\/wp-content\/uploads\/2024\/10\/llaf-seo-square.jpg\",\"width\":1400,\"height\":1400,\"caption\":\"Athletics Federation of Lithuania\"},\"image\":{\"@id\":\"https:\/\/lengvoji.lt\/en\/#\/schema\/logo\/image\/\"},\"sameAs\":[\"https:\/\/www.facebook.com\/LietuvosLengvosiosAtletikosFederacija\/\",\"https:\/\/www.instagram.com\/lengvoji\/\",\"https:\/\/youtube.com\/@Lietuvoslengvosiosatletikosfed\"]}]}<\/script>\n<!-- \/ Yoast SEO plugin. -->","yoast_head_json":{"title":"Season leaders &#8211; LLAF","robots":{"index":"index","follow":"follow","max-snippet":"max-snippet:-1","max-image-preview":"max-image-preview:large","max-video-preview":"max-video-preview:-1"},"canonical":"https:\/\/lengvoji.lt\/en\/season-leaders\/","og_locale":"en_US","og_type":"article","og_title":"Season leaders &#8211; LLAF","og_description":"2025 Winners (1st-8th place) European Indoor Championships 4. Dovil\u0117 Kilty (triple jump)8. Beatri\u010d\u0117 Ju\u0161kevi\u010di\u016bt\u0117 (pentathlon) European Throwing Cup 3. Martynas Alekna (discus) European U23 Championship Best results for the 2025 [&hellip;]","og_url":"https:\/\/lengvoji.lt\/en\/season-leaders\/","og_site_name":"LLAF","article_publisher":"https:\/\/www.facebook.com\/LietuvosLengvosiosAtletikosFederacija\/","article_modified_time":"2025-08-08T05:57:14+00:00","og_image":[{"width":1920,"height":600,"url":"https:\/\/lengvoji.lt\/wp-content\/uploads\/2024\/10\/1920x600_Airine_Heading.jpg","type":"image\/jpeg"}],"twitter_card":"summary_large_image","schema":{"@context":"https:\/\/schema.org","@graph":[{"@type":"WebPage","@id":"https:\/\/lengvoji.lt\/en\/season-leaders\/","url":"https:\/\/lengvoji.lt\/en\/season-leaders\/","name":"Season leaders &#8211; LLAF","isPartOf":{"@id":"https:\/\/lengvoji.lt\/en\/#website"},"primaryImageOfPage":{"@id":"https:\/\/lengvoji.lt\/en\/season-leaders\/#primaryimage"},"image":{"@id":"https:\/\/lengvoji.lt\/en\/season-leaders\/#primaryimage"},"thumbnailUrl":"https:\/\/lengvoji.lt\/wp-content\/uploads\/2024\/10\/1920x600_Airine_Heading.jpg","datePublished":"2024-09-05T12:31:25+00:00","dateModified":"2025-08-08T05:57:14+00:00","breadcrumb":{"@id":"https:\/\/lengvoji.lt\/en\/season-leaders\/#breadcrumb"},"inLanguage":"en-US","potentialAction":[{"@type":"ReadAction","target":["https:\/\/lengvoji.lt\/en\/season-leaders\/"]}]},{"@type":"ImageObject","inLanguage":"en-US","@id":"https:\/\/lengvoji.lt\/en\/season-leaders\/#primaryimage","url":"https:\/\/lengvoji.lt\/wp-content\/uploads\/2024\/10\/1920x600_Airine_Heading.jpg","contentUrl":"https:\/\/lengvoji.lt\/wp-content\/uploads\/2024\/10\/1920x600_Airine_Heading.jpg","width":1920,"height":600},{"@type":"BreadcrumbList","@id":"https:\/\/lengvoji.lt\/en\/season-leaders\/#breadcrumb","itemListElement":[{"@type":"ListItem","position":1,"name":"Home","item":"https:\/\/lengvoji.lt\/en\/beginning\/"},{"@type":"ListItem","position":2,"name":"Season leaders"}]},{"@type":"WebSite","@id":"https:\/\/lengvoji.lt\/en\/#website","url":"https:\/\/lengvoji.lt\/en\/","name":"Lietuvos lengvosios atletikos federacija","description":"The National Lithuanian Athletics Organization oversees the country's athletics activities.","publisher":{"@id":"https:\/\/lengvoji.lt\/en\/#organization"},"alternateName":"LLAF","potentialAction":[{"@type":"SearchAction","target":{"@type":"EntryPoint","urlTemplate":"https:\/\/lengvoji.lt\/en\/?s={search_term_string}"},"query-input":{"@type":"PropertyValueSpecification","valueRequired":true,"valueName":"search_term_string"}}],"inLanguage":"en-US"},{"@type":"Organization","@id":"https:\/\/lengvoji.lt\/en\/#organization","name":"Athletics Federation of Lithuania","alternateName":"LLAF","url":"https:\/\/lengvoji.lt\/en\/","logo":{"@type":"ImageObject","inLanguage":"en-US","@id":"https:\/\/lengvoji.lt\/en\/#\/schema\/logo\/image\/","url":"https:\/\/lengvoji.lt\/wp-content\/uploads\/2024\/10\/llaf-seo-square.jpg","contentUrl":"https:\/\/lengvoji.lt\/wp-content\/uploads\/2024\/10\/llaf-seo-square.jpg","width":1400,"height":1400,"caption":"Athletics Federation of Lithuania"},"image":{"@id":"https:\/\/lengvoji.lt\/en\/#\/schema\/logo\/image\/"},"sameAs":["https:\/\/www.facebook.com\/LietuvosLengvosiosAtletikosFederacija\/","https:\/\/www.instagram.com\/lengvoji\/","https:\/\/youtube.com\/@Lietuvoslengvosiosatletikosfed"]}]}},"_links":{"self":[{"href":"https:\/\/lengvoji.lt\/en\/wp-json\/wp\/v2\/pages\/97065","targetHints":{"allow":["GET"]}}],"collection":[{"href":"https:\/\/lengvoji.lt\/en\/wp-json\/wp\/v2\/pages"}],"about":[{"href":"https:\/\/lengvoji.lt\/en\/wp-json\/wp\/v2\/types\/page"}],"author":[{"embeddable":true,"href":"https:\/\/lengvoji.lt\/en\/wp-json\/wp\/v2\/users\/1"}],"replies":[{"embeddable":true,"href":"https:\/\/lengvoji.lt\/en\/wp-json\/wp\/v2\/comments?post=97065"}],"version-history":[{"count":16,"href":"https:\/\/lengvoji.lt\/en\/wp-json\/wp\/v2\/pages\/97065\/revisions"}],"predecessor-version":[{"id":111619,"href":"https:\/\/lengvoji.lt\/en\/wp-json\/wp\/v2\/pages\/97065\/revisions\/111619"}],"wp:featuredmedia":[{"embeddable":true,"href":"https:\/\/lengvoji.lt\/en\/wp-json\/wp\/v2\/media\/97067"}],"wp:attachment":[{"href":"https:\/\/lengvoji.lt\/en\/wp-json\/wp\/v2\/media?parent=97065"}],"curies":[{"name":"wp","href":"https:\/\/api.w.org\/{rel}","templated":true}]}}